{"id":2657,"date":"2023-01-31T14:26:10","date_gmt":"2023-01-31T13:26:10","guid":{"rendered":"https:\/\/wordpress.humhub.com\/?page_id=2657"},"modified":"2023-09-07T12:12:50","modified_gmt":"2023-09-07T10:12:50","slug":"contact","status":"publish","type":"page","link":"https:\/\/dev.www.humhub.com\/de\/contact\/","title":{"rendered":"Kontaktformular"},"content":{"rendered":"\t\t<div data-elementor-type=\"wp-page\" data-elementor-id=\"2657\" class=\"elementor elementor-2657\" data-elementor-post-type=\"page\">\n\t\t\t\t\t\t<section class=\"has_eae_slider elementor-section elementor-inner-section elementor-element elementor-element-4fdb06bc elementor-section-boxed elementor-section-height-default elementor-section-height-default\" data-eae-slider=\"44863\" data-id=\"4fdb06bc\" data-element_type=\"section\" data-e-type=\"section\">\n\t\t\t\t\t\t<div class=\"elementor-container elementor-column-gap-default\">\n\t\t\t\t\t<div class=\"has_eae_slider elementor-column elementor-col-50 elementor-inner-column elementor-element elementor-element-a65d62f\" data-eae-slider=\"90321\" data-id=\"a65d62f\" data-element_type=\"column\" data-e-type=\"column\">\n\t\t\t<div class=\"elementor-widget-wrap elementor-element-populated\">\n\t\t\t\t\t\t<div class=\"elementor-element elementor-element-793e5f4f elementor-widget elementor-widget-heading\" data-id=\"793e5f4f\" data-element_type=\"widget\" data-e-type=\"widget\" data-widget_type=\"heading.default\">\n\t\t\t\t<div class=\"elementor-widget-container\">\n\t\t\t\t\t<h2 class=\"elementor-heading-title elementor-size-default\">Kontakt<\/h2>\t\t\t\t<\/div>\n\t\t\t\t<\/div>\n\t\t\t\t<div class=\"elementor-element elementor-element-48338cb7 elementor-widget__width-initial elementor-widget-mobile__width-inherit elementor-widget elementor-widget-text-editor\" data-id=\"48338cb7\" data-element_type=\"widget\" data-e-type=\"widget\" data-widget_type=\"text-editor.default\">\n\t\t\t\t<div class=\"elementor-widget-container\">\n\t\t\t\t\t\t\t\t\t<p>Wir freuen uns auf deine Nachricht zu unseren Services und lassen dir auf Wunsch gerne ein individuelles Angebot f\u00fcr deine Organisation zukommen.<\/p>\n<p>Hilfe zur kostenlosen Open Source Version (Community Edition) findest du in unserer <a href=\"https:\/\/docs.humhub.org\/\">Dokumentation<\/a>\u00a0sowie in der gro\u00dfen\u00a0<a href=\"https:\/\/community.humhub.com\/dashboard\">HumHub Community<\/a>.<\/p>\t\t\t\t\t\t\t\t<\/div>\n\t\t\t\t<\/div>\n\t\t\t\t\t<\/div>\n\t\t<\/div>\n\t\t\t\t<div class=\"has_eae_slider elementor-column elementor-col-50 elementor-inner-column elementor-element elementor-element-2e76a477 elementor-hidden-mobile\" data-eae-slider=\"13833\" data-id=\"2e76a477\" data-element_type=\"column\" data-e-type=\"column\">\n\t\t\t<div class=\"elementor-widget-wrap\">\n\t\t\t\t\t\t\t<\/div>\n\t\t<\/div>\n\t\t\t\t\t<\/div>\n\t\t<\/section>\n\t\t\t\t<section class=\"has_eae_slider elementor-section elementor-top-section elementor-element elementor-element-67ac9a6 elementor-reverse-mobile elementor-reverse-tablet elementor-section-boxed elementor-section-height-default elementor-section-height-default\" data-eae-slider=\"30075\" data-id=\"67ac9a6\" data-element_type=\"section\" data-e-type=\"section\">\n\t\t\t\t\t\t<div class=\"elementor-container elementor-column-gap-default\">\n\t\t\t\t\t<div class=\"has_eae_slider elementor-column elementor-col-50 elementor-top-column elementor-element elementor-element-2f0dee44\" data-eae-slider=\"43713\" data-id=\"2f0dee44\" data-element_type=\"column\" data-e-type=\"column\" data-settings=\"{&quot;background_background&quot;:&quot;classic&quot;}\">\n\t\t\t<div class=\"elementor-widget-wrap elementor-element-populated\">\n\t\t\t\t\t\t<div class=\"elementor-element elementor-element-621f445b elementor-widget elementor-widget-text-editor\" data-id=\"621f445b\" data-element_type=\"widget\" data-e-type=\"widget\" data-widget_type=\"text-editor.default\">\n\t\t\t\t<div class=\"elementor-widget-container\">\n\t\t\t\t\t\t\t\t\t<form id=\"forminator-module-2166\" class=\"forminator-custom-form forminator-custom-form-2166\" method=\"post\" data-forminator-render=\"1\" data-uid=\"69f60503c22dc\">\n<div role=\"alert\" aria-live=\"polite\" class=\"forminator-response-message forminator-error\" aria-hidden=\"true\"><\/div>\n<\/form>\n\t\t\t\t\t\t\t\t<\/div>\n\t\t\t\t<\/div>\n\t\t\t\t\t<\/div>\n\t\t<\/div>\n\t\t\t\t<div class=\"has_eae_slider elementor-column elementor-col-50 elementor-top-column elementor-element elementor-element-cbfd724\" data-eae-slider=\"92499\" data-id=\"cbfd724\" data-element_type=\"column\" data-e-type=\"column\" data-settings=\"{&quot;background_background&quot;:&quot;classic&quot;}\">\n\t\t\t<div class=\"elementor-widget-wrap elementor-element-populated\">\n\t\t\t\t\t\t<section class=\"has_eae_slider elementor-section elementor-inner-section elementor-element elementor-element-d179ff7 elementor-section-boxed elementor-section-height-default elementor-section-height-default\" data-eae-slider=\"9311\" data-id=\"d179ff7\" data-element_type=\"section\" data-e-type=\"section\">\n\t\t\t\t\t\t<div class=\"elementor-container elementor-column-gap-default\">\n\t\t\t\t\t<div class=\"has_eae_slider elementor-column elementor-col-100 elementor-inner-column elementor-element elementor-element-632d586\" data-eae-slider=\"19623\" data-id=\"632d586\" data-element_type=\"column\" data-e-type=\"column\" data-settings=\"{&quot;background_background&quot;:&quot;classic&quot;}\">\n\t\t\t<div class=\"elementor-widget-wrap elementor-element-populated\">\n\t\t\t\t\t\t<div class=\"elementor-element elementor-element-0e63869 elementor-widget elementor-widget-heading\" data-id=\"0e63869\" data-element_type=\"widget\" data-e-type=\"widget\" data-widget_type=\"heading.default\">\n\t\t\t\t<div class=\"elementor-widget-container\">\n\t\t\t\t\t<h2 class=\"elementor-heading-title elementor-size-default\">Du hast bereits die Professional Edition?<\/h2>\t\t\t\t<\/div>\n\t\t\t\t<\/div>\n\t\t\t\t<div class=\"elementor-element elementor-element-f578de1 elementor-widget elementor-widget-text-editor\" data-id=\"f578de1\" data-element_type=\"widget\" data-e-type=\"widget\" data-widget_type=\"text-editor.default\">\n\t\t\t\t<div class=\"elementor-widget-container\">\n\t\t\t\t\t\t\t\t\t<div class=\"messages-box\">\n<div class=\"wrapper\">\n<div id=\"tsAqXx7YPZcAwrPSf\" class=\"rcx-message\" data-id=\"tsAqXx7YPZcAwrPSf\" data-system-message=\"false\" data-mid=\"tsAqXx7YPZcAwrPSf\" data-unread=\"false\" data-sequential=\"false\" data-own=\"false\" data-qa-type=\"message\" data-qa-editing=\"false\" data-qa-selected=\"false\">\n<div class=\"rcx-box rcx-box--full rcx-message-container\">\n<div class=\"rcx-message-body\" data-qa-type=\"message-body\">\n<div class=\"rcx-box rcx-box--full rcx-css-10uwn6z\">\n<div class=\"messages-box\">\n<div class=\"wrapper\">\n<div id=\"4z2wprWK9LmoYgJGu\" class=\"rcx-message\" data-id=\"4z2wprWK9LmoYgJGu\" data-system-message=\"false\" data-mid=\"4z2wprWK9LmoYgJGu\" data-unread=\"false\" data-sequential=\"false\" data-own=\"false\" data-qa-type=\"message\" data-qa-editing=\"false\" data-qa-selected=\"false\">\n<div class=\"rcx-box rcx-box--full rcx-message-container\">\n<div class=\"rcx-message-body\" data-qa-type=\"message-body\">\n<div class=\"rcx-box rcx-box--full rcx-css-10uwn6z\">\n<p>Unsere Kunden genie\u00dfen den vollen HumHub Premium Support. Es ist uns wichtig, dein Anliegen zeitnah zu bearbeiten. Nach Ausf\u00fcllen des Kontaktformulars bekommt das zust\u00e4ndige HumHub Team deine Anfrage weitergeleitet und k\u00fcmmert sich umgehend um dein Anliegen.<\/p>\n<\/div>\n<\/div>\n<\/div>\n<\/div>\n<\/div>\n<\/div>\n<\/div>\n<\/div>\n<\/div>\n<\/div>\n<\/div>\n<\/div>\t\t\t\t\t\t\t\t<\/div>\n\t\t\t\t<\/div>\n\t\t\t\t\t<\/div>\n\t\t<\/div>\n\t\t\t\t\t<\/div>\n\t\t<\/section>\n\t\t\t\t\t<\/div>\n\t\t<\/div>\n\t\t\t\t\t<\/div>\n\t\t<\/section>\n\t\t\t\t<\/div>\n\t\t","protected":false},"excerpt":{"rendered":"<p>Kontakt Wir freuen uns auf deine Nachricht zu unseren Services und lassen dir auf Wunsch gerne ein individuelles Angebot f\u00fcr deine Organisation zukommen. Hilfe zur kostenlosen Open Source Version (Community Edition) findest du in unserer Dokumentation\u00a0sowie in der gro\u00dfen\u00a0HumHub Community. Du hast bereits die Professional Edition? Unsere Kunden genie\u00dfen den vollen HumHub Premium Support. Es &#8230; <a title=\"Kontaktformular\" class=\"read-more\" href=\"https:\/\/dev.www.humhub.com\/de\/contact\/\" aria-label=\"Mehr Informationen \u00fcber Kontaktformular\">Weiterlesen<\/a><\/p>\n","protected":false},"author":7,"featured_media":0,"parent":0,"menu_order":0,"comment_status":"closed","ping_status":"closed","template":"","meta":{"footnotes":""},"class_list":["post-2657","page","type-page","status-publish"],"_links":{"self":[{"href":"https:\/\/dev.www.humhub.com\/de\/wp-json\/wp\/v2\/pages\/2657","targetHints":{"allow":["GET"]}}],"collection":[{"href":"https:\/\/dev.www.humhub.com\/de\/wp-json\/wp\/v2\/pages"}],"about":[{"href":"https:\/\/dev.www.humhub.com\/de\/wp-json\/wp\/v2\/types\/page"}],"author":[{"embeddable":true,"href":"https:\/\/dev.www.humhub.com\/de\/wp-json\/wp\/v2\/users\/7"}],"replies":[{"embeddable":true,"href":"https:\/\/dev.www.humhub.com\/de\/wp-json\/wp\/v2\/comments?post=2657"}],"version-history":[{"count":143,"href":"https:\/\/dev.www.humhub.com\/de\/wp-json\/wp\/v2\/pages\/2657\/revisions"}],"predecessor-version":[{"id":4747,"href":"https:\/\/dev.www.humhub.com\/de\/wp-json\/wp\/v2\/pages\/2657\/revisions\/4747"}],"wp:attachment":[{"href":"https:\/\/dev.www.humhub.com\/de\/wp-json\/wp\/v2\/media?parent=2657"}],"curies":[{"name":"wp","href":"https:\/\/api.w.org\/{rel}","templated":true}]}}